{"id":120,"date":"2025-01-07T19:35:27","date_gmt":"2025-01-07T18:35:27","guid":{"rendered":"https:\/\/77.38.64.6:9443\/wordpress\/?page_id=120"},"modified":"2025-11-18T20:26:28","modified_gmt":"2025-11-18T19:26:28","slug":"seznam-gora","status":"publish","type":"page","link":"https:\/\/domendolar.eu\/wordpress\/?page_id=120","title":{"rendered":"Seznam gora"},"content":{"rendered":"\n<div class=\"wp-block-group has-background has-global-padding is-layout-constrained wp-container-core-group-is-layout-b238bb19 wp-block-group-is-layout-constrained\" style=\"background-color:#ffffff80;margin-top:0;margin-bottom:0;padding-top:var(--wp--preset--spacing--xx-small);padding-right:var(--wp--preset--spacing--xx-small);padding-bottom:var(--wp--preset--spacing--xx-small);padding-left:var(--wp--preset--spacing--xx-small)\">\n<ul class=\"wp-block-list\">\n<li><a href=\"https:\/\/domendolar.eu\/wordpress\/?p=189\" data-type=\"post\" data-id=\"189\">Gori\u0161ko, Notranjsko in Sne\u017eni\u0161ko hribovje<\/a><\/li>\n\n\n\n<li><a href=\"https:\/\/domendolar.eu\/wordpress\/?p=235\" data-type=\"post\" data-id=\"235\">Julijske Alpe<\/a><\/li>\n\n\n\n<li><a href=\"https:\/\/domendolar.eu\/wordpress\/?p=248\" data-type=\"post\" data-id=\"248\">Kamni\u0161ko Savinjske Alpe<\/a><\/li>\n\n\n\n<li><a href=\"https:\/\/domendolar.eu\/wordpress\/?p=250\" data-type=\"post\" data-id=\"250\">Karavanke<\/a><\/li>\n\n\n\n<li><a href=\"https:\/\/domendolar.eu\/wordpress\/?p=252\" data-type=\"post\" data-id=\"252\">Pohorje, Dravinjske gorice in Haloze<\/a><\/li>\n\n\n\n<li><a href=\"https:\/\/domendolar.eu\/wordpress\/?p=254\" data-type=\"post\" data-id=\"254\">Polhograjsko hribovje in Ljubljana<\/a><\/li>\n\n\n\n<li><a href=\"https:\/\/domendolar.eu\/wordpress\/?p=256\" data-type=\"post\" data-id=\"256\">Posavsko hribovje in Dolenjska<\/a><\/li>\n\n\n\n<li><a href=\"https:\/\/domendolar.eu\/wordpress\/?p=258\" data-type=\"post\" data-id=\"258\">Prekmurje<\/a><\/li>\n\n\n\n<li><a href=\"https:\/\/domendolar.eu\/wordpress\/?p=260\" data-type=\"post\" data-id=\"260\">\u0160kofjelo\u0161ko, Cerkljansko hribovje in Jelovica<\/a><\/li>\n\n\n\n<li><a href=\"https:\/\/domendolar.eu\/wordpress\/?p=262\" data-type=\"post\" data-id=\"262\">Strojna, Ko\u0161enjak, Kozjak in Slovenske gorice<\/a><\/li>\n<\/ul>\n<\/div>\n","protected":false},"excerpt":{"rendered":"","protected":false},"author":1,"featured_media":0,"parent":0,"menu_order":0,"comment_status":"closed","ping_status":"closed","template":"","meta":{"footnotes":""},"class_list":["post-120","page","type-page","status-publish","hentry"],"_links":{"self":[{"href":"https:\/\/domendolar.eu\/wordpress\/index.php?rest_route=\/wp\/v2\/pages\/120","targetHints":{"allow":["GET"]}}],"collection":[{"href":"https:\/\/domendolar.eu\/wordpress\/index.php?rest_route=\/wp\/v2\/pages"}],"about":[{"href":"https:\/\/domendolar.eu\/wordpress\/index.php?rest_route=\/wp\/v2\/types\/page"}],"author":[{"embeddable":true,"href":"https:\/\/domendolar.eu\/wordpress\/index.php?rest_route=\/wp\/v2\/users\/1"}],"replies":[{"embeddable":true,"href":"https:\/\/domendolar.eu\/wordpress\/index.php?rest_route=%2Fwp%2Fv2%2Fcomments&post=120"}],"version-history":[{"count":13,"href":"https:\/\/domendolar.eu\/wordpress\/index.php?rest_route=\/wp\/v2\/pages\/120\/revisions"}],"predecessor-version":[{"id":361,"href":"https:\/\/domendolar.eu\/wordpress\/index.php?rest_route=\/wp\/v2\/pages\/120\/revisions\/361"}],"wp:attachment":[{"href":"https:\/\/domendolar.eu\/wordpress\/index.php?rest_route=%2Fwp%2Fv2%2Fmedia&parent=120"}],"curies":[{"name":"wp","href":"https:\/\/api.w.org\/{rel}","templated":true}]}}