{"id":44,"date":"2025-01-06T19:39:00","date_gmt":"2025-01-06T18:39:00","guid":{"rendered":"https:\/\/77.38.64.6:9443\/wordpress\/?page_id=44"},"modified":"2025-01-09T12:57:17","modified_gmt":"2025-01-09T11:57:17","slug":"novice-in-clanki","status":"publish","type":"page","link":"https:\/\/domendolar.eu\/wordpress\/?page_id=44","title":{"rendered":"Novice in \u010dlanki"},"content":{"rendered":"\n<div class=\"wp-block-group has-global-padding is-layout-constrained wp-container-core-group-is-layout-4c48b175 wp-block-group-is-layout-constrained\" style=\"margin-top:0;margin-bottom:0;padding-top:0;padding-right:0;padding-bottom:0;padding-left:0\">\n<div class=\"wp-block-group is-nowrap is-layout-flex wp-container-core-group-is-layout-879c0eda wp-block-group-is-layout-flex\" style=\"margin-top:0;margin-bottom:0;padding-top:0;padding-right:0;padding-bottom:0;padding-left:0\">\n<div class=\"wp-block-media-text is-stacked-on-mobile has-background wp-container-content-9cfa9a5a\" style=\"background-color:#ffffff80;margin-top:var(--wp--preset--spacing--xx-small);margin-bottom:var(--wp--preset--spacing--xx-small);padding-top:var(--wp--preset--spacing--xx-small);padding-right:var(--wp--preset--spacing--xx-small);padding-bottom:var(--wp--preset--spacing--xx-small);padding-left:var(--wp--preset--spacing--xx-small);grid-template-columns:20% auto\"><figure class=\"wp-block-media-text__media\"><img loading=\"lazy\" decoding=\"async\" width=\"1024\" height=\"576\" src=\"https:\/\/213.161.21.49:9443\/wordpress\/wp-content\/uploads\/2662793981815_2dom_na_zelenici_1762-1024x576.jpg\" alt=\"\" class=\"wp-image-152 size-full\" srcset=\"https:\/\/domendolar.eu\/wordpress\/wp-content\/uploads\/2662793981815_2dom_na_zelenici_1762-1024x576.jpg 1024w, https:\/\/domendolar.eu\/wordpress\/wp-content\/uploads\/2662793981815_2dom_na_zelenici_1762-300x169.jpg 300w, https:\/\/domendolar.eu\/wordpress\/wp-content\/uploads\/2662793981815_2dom_na_zelenici_1762-768x432.jpg 768w, https:\/\/domendolar.eu\/wordpress\/wp-content\/uploads\/2662793981815_2dom_na_zelenici_1762.jpg 1067w\" sizes=\"auto, (max-width: 1024px) 100vw, 1024px\" \/><\/figure><div class=\"wp-block-media-text__content\">\n<p>Sne\u017ene razmere 8. 1. 2025<\/p>\n<\/div><\/div>\n<\/div>\n\n\n\n<div class=\"wp-block-group is-nowrap is-layout-flex wp-container-core-group-is-layout-a2dbc628 wp-block-group-is-layout-flex\" style=\"margin-top:0;margin-bottom:0;padding-top:0;padding-right:0;padding-bottom:0;padding-left:0\">\n<div class=\"wp-block-media-text is-stacked-on-mobile has-background wp-container-content-9cfa9a5a\" style=\"background-color:#ffffff80;margin-top:var(--wp--preset--spacing--xx-small);margin-bottom:var(--wp--preset--spacing--xx-small);padding-top:var(--wp--preset--spacing--xx-small);padding-right:var(--wp--preset--spacing--xx-small);padding-bottom:var(--wp--preset--spacing--xx-small);padding-left:var(--wp--preset--spacing--xx-small);grid-template-columns:20% auto\"><figure class=\"wp-block-media-text__media\"><img loading=\"lazy\" decoding=\"async\" width=\"800\" height=\"600\" src=\"https:\/\/213.161.21.49:9443\/wordpress\/wp-content\/uploads\/2538793799769_2siwc_kreda_ica_e__1_.jpg\" alt=\"\" class=\"wp-image-154 size-full\" srcset=\"https:\/\/domendolar.eu\/wordpress\/wp-content\/uploads\/2538793799769_2siwc_kreda_ica_e__1_.jpg 800w, https:\/\/domendolar.eu\/wordpress\/wp-content\/uploads\/2538793799769_2siwc_kreda_ica_e__1_-300x225.jpg 300w, https:\/\/domendolar.eu\/wordpress\/wp-content\/uploads\/2538793799769_2siwc_kreda_ica_e__1_-768x576.jpg 768w\" sizes=\"auto, (max-width: 800px) 100vw, 800px\" \/><\/figure><div class=\"wp-block-media-text__content\">\n<p>Sne\u017ene razmere 6. 1. 2025<\/p>\n<\/div><\/div>\n<\/div>\n\n\n\n<div class=\"wp-block-group is-nowrap is-layout-flex wp-container-core-group-is-layout-a2dbc628 wp-block-group-is-layout-flex\" style=\"margin-top:0;margin-bottom:0;padding-top:0;padding-right:0;padding-bottom:0;padding-left:0\">\n<div class=\"wp-block-media-text is-stacked-on-mobile has-background wp-container-content-9cfa9a5a\" style=\"background-color:#ffffff80;margin-top:var(--wp--preset--spacing--xx-small);margin-bottom:var(--wp--preset--spacing--xx-small);padding-top:var(--wp--preset--spacing--xx-small);padding-right:var(--wp--preset--spacing--xx-small);padding-bottom:var(--wp--preset--spacing--xx-small);padding-left:var(--wp--preset--spacing--xx-small);grid-template-columns:20% auto\"><figure class=\"wp-block-media-text__media\"><img loading=\"lazy\" decoding=\"async\" width=\"800\" height=\"600\" src=\"https:\/\/213.161.21.49:9443\/wordpress\/wp-content\/uploads\/0191793639894_1k-1.jpg\" alt=\"\" class=\"wp-image-218 size-full\" srcset=\"https:\/\/domendolar.eu\/wordpress\/wp-content\/uploads\/0191793639894_1k-1.jpg 800w, https:\/\/domendolar.eu\/wordpress\/wp-content\/uploads\/0191793639894_1k-1-300x225.jpg 300w, https:\/\/domendolar.eu\/wordpress\/wp-content\/uploads\/0191793639894_1k-1-768x576.jpg 768w\" sizes=\"auto, (max-width: 800px) 100vw, 800px\" \/><\/figure><div class=\"wp-block-media-text__content\">\n<p>Anketa: novo leto<\/p>\n<\/div><\/div>\n<\/div>\n\n\n\n<div class=\"wp-block-group is-nowrap is-layout-flex wp-container-core-group-is-layout-a2dbc628 wp-block-group-is-layout-flex\" style=\"margin-top:0;margin-bottom:0;padding-top:0;padding-right:0;padding-bottom:0;padding-left:0\">\n<div class=\"wp-block-media-text is-stacked-on-mobile has-background wp-container-content-9cfa9a5a\" style=\"background-color:#ffffff80;margin-top:var(--wp--preset--spacing--xx-small);margin-bottom:var(--wp--preset--spacing--xx-small);padding-top:var(--wp--preset--spacing--xx-small);padding-right:var(--wp--preset--spacing--xx-small);padding-bottom:var(--wp--preset--spacing--xx-small);padding-left:var(--wp--preset--spacing--xx-small);grid-template-columns:20% auto\"><figure class=\"wp-block-media-text__media\"><img loading=\"lazy\" decoding=\"async\" width=\"1024\" height=\"576\" src=\"https:\/\/213.161.21.49:9443\/wordpress\/wp-content\/uploads\/1600793536562_1kamnisko_sedlo_2326-1-1024x576.jpg\" alt=\"\" class=\"wp-image-221 size-full\" srcset=\"https:\/\/domendolar.eu\/wordpress\/wp-content\/uploads\/1600793536562_1kamnisko_sedlo_2326-1-1024x576.jpg 1024w, https:\/\/domendolar.eu\/wordpress\/wp-content\/uploads\/1600793536562_1kamnisko_sedlo_2326-1-300x169.jpg 300w, https:\/\/domendolar.eu\/wordpress\/wp-content\/uploads\/1600793536562_1kamnisko_sedlo_2326-1-768x432.jpg 768w, https:\/\/domendolar.eu\/wordpress\/wp-content\/uploads\/1600793536562_1kamnisko_sedlo_2326-1.jpg 1067w\" sizes=\"auto, (max-width: 1024px) 100vw, 1024px\" \/><\/figure><div class=\"wp-block-media-text__content\">\n<p>Sne\u017ene razmere 3. 1. 2025<\/p>\n<\/div><\/div>\n<\/div>\n\n\n\n<div class=\"wp-block-group is-nowrap is-layout-flex wp-container-core-group-is-layout-a2dbc628 wp-block-group-is-layout-flex\" style=\"margin-top:0;margin-bottom:0;padding-top:0;padding-right:0;padding-bottom:0;padding-left:0\">\n<div class=\"wp-block-media-text is-stacked-on-mobile has-background wp-container-content-9cfa9a5a\" style=\"background-color:#ffffff80;margin-top:var(--wp--preset--spacing--xx-small);margin-bottom:var(--wp--preset--spacing--xx-small);padding-top:var(--wp--preset--spacing--xx-small);padding-right:var(--wp--preset--spacing--xx-small);padding-bottom:var(--wp--preset--spacing--xx-small);padding-left:var(--wp--preset--spacing--xx-small);grid-template-columns:20% auto\"><figure class=\"wp-block-media-text__media\"><img loading=\"lazy\" decoding=\"async\" width=\"640\" height=\"480\" src=\"https:\/\/213.161.21.49:9443\/wordpress\/wp-content\/uploads\/0919793365091_0dom_na_peci_2147.jpg\" alt=\"\" class=\"wp-image-220 size-full\" srcset=\"https:\/\/domendolar.eu\/wordpress\/wp-content\/uploads\/0919793365091_0dom_na_peci_2147.jpg 640w, https:\/\/domendolar.eu\/wordpress\/wp-content\/uploads\/0919793365091_0dom_na_peci_2147-300x225.jpg 300w\" sizes=\"auto, (max-width: 640px) 100vw, 640px\" \/><\/figure><div class=\"wp-block-media-text__content\">\n<p>Sne\u017ene razmere 31. 12. 2024<\/p>\n<\/div><\/div>\n<\/div>\n<\/div>\n","protected":false},"excerpt":{"rendered":"<p>Sne\u017ene razmere 8. 1. 2025 Sne\u017ene razmere 6. 1. 2025 Anketa: novo leto Sne\u017ene razmere 3. 1. 2025 Sne\u017ene razmere 31. 12. 2024<\/p>\n","protected":false},"author":1,"featured_media":0,"parent":0,"menu_order":0,"comment_status":"closed","ping_status":"closed","template":"","meta":{"footnotes":""},"class_list":["post-44","page","type-page","status-publish","hentry"],"_links":{"self":[{"href":"https:\/\/domendolar.eu\/wordpress\/index.php?rest_route=\/wp\/v2\/pages\/44","targetHints":{"allow":["GET"]}}],"collection":[{"href":"https:\/\/domendolar.eu\/wordpress\/index.php?rest_route=\/wp\/v2\/pages"}],"about":[{"href":"https:\/\/domendolar.eu\/wordpress\/index.php?rest_route=\/wp\/v2\/types\/page"}],"author":[{"embeddable":true,"href":"https:\/\/domendolar.eu\/wordpress\/index.php?rest_route=\/wp\/v2\/users\/1"}],"replies":[{"embeddable":true,"href":"https:\/\/domendolar.eu\/wordpress\/index.php?rest_route=%2Fwp%2Fv2%2Fcomments&post=44"}],"version-history":[{"count":8,"href":"https:\/\/domendolar.eu\/wordpress\/index.php?rest_route=\/wp\/v2\/pages\/44\/revisions"}],"predecessor-version":[{"id":222,"href":"https:\/\/domendolar.eu\/wordpress\/index.php?rest_route=\/wp\/v2\/pages\/44\/revisions\/222"}],"wp:attachment":[{"href":"https:\/\/domendolar.eu\/wordpress\/index.php?rest_route=%2Fwp%2Fv2%2Fmedia&parent=44"}],"curies":[{"name":"wp","href":"https:\/\/api.w.org\/{rel}","templated":true}]}}